{"id":2,"date":"2019-03-08T18:02:28","date_gmt":"2019-03-08T18:02:28","guid":{"rendered":"http:\/\/www.rudyszwald.pl\/?page_id=2"},"modified":"2024-02-02T14:49:42","modified_gmt":"2024-02-02T14:49:42","slug":"sample-page","status":"publish","type":"page","link":"https:\/\/www.parafia.rudyszwald.pl\/","title":{"rendered":"Witamy na stronie Parafii"},"content":{"rendered":"\n<div style=\"height:13px\" aria-hidden=\"true\" class=\"wp-block-spacer\"><\/div>\n\n\n\n<link rel=\"stylesheet\" type=\"text\/css\" href=\"\/\/wpcc.io\/lib\/1.0.2\/cookieconsent.min.css\"><script src=\"\/\/wpcc.io\/lib\/1.0.2\/cookieconsent.min.js\"><\/script><script>window.addEventListener(\"load\", function(){window.wpcc.init({\"border\":\"thin\",\"corners\":\"small\",\"colors\":{\"popup\":{\"background\":\"#606060\",\"text\":\"#ffffff\",\"border\":\"#f9f9f9\"},\"button\":{\"background\":\"#f9f9f9\",\"text\":\"#000000\"}},\"position\":\"bottom\",\"content\":{\"href\":\"https:\/\/www.parafia.rudyszwald.pl\/index.php\/privacy-policy\/\",\"button\":\"Zgoda\",\"link\":\"Polityka prywatno\u015bci\",\"message\":\"Ta strona korzysta z ciasteczek aby \u015bwiadczy\u0107 us\u0142ugi na najwy\u017cszym poziomie. Dalsze korzystanie ze strony oznacza, \u017ce zgadzasz si\u0119 na ich u\u017cycie. Wi\u0119cej na: \"}})});<\/script>\n\n\n<div id=\"wp-megamenu-main_menu\" class=\"wp-megamenu-wrap    \">\n\t\t<div class=\"wpmm-fullwidth-wrap\"><\/div>\n\t\t<div class=\"wpmm-nav-wrap wpmm-main-wrap-\">\n\t\t\t<a href=\"javascript:;\" class=\"wpmm_mobile_menu_btn\"><i class=\"fa fa-bars\"><\/i> Menu<\/a> <div class='wpmm_brand_logo_wrap'><a href='https:\/\/www.parafia.rudyszwald.pl\/'> <img src='http:\/\/demo.themeum.com\/wordpress\/wp-megamenu\/wp-content\/uploads\/2017\/07\/brand-logo.png'  width='32px'   height='31px' \/> <\/a> <\/div> <ul id=\"menu-main_menu\"  class=\"wp-megamenu\"><li id=\"wp-megamenu-item-75\" class=\"menu-item menu-item-type-post_type menu-item-object-page menu-item-home wp-megamenu-item-75  wpmm_mega_menu  wpmm-fadeindown wpmm-strees-row wpmm-submenu-right\"><a href=\"https:\/\/www.parafia.rudyszwald.pl\/\">STRONA G\u0141\u00d3WNA<\/a><\/li>\n<li id=\"wp-megamenu-item-158\" class=\"menu-item menu-item-type-post_type menu-item-object-page menu-item-has-children wp-megamenu-item-158  wpmm_dropdown_menu  wpmm-fadeindown wpmm-strees-default wpmm-submenu-right\"><a href=\"https:\/\/www.parafia.rudyszwald.pl\/index.php\/o-parafii\/\">O parafii <b class=\"fa fa-angle-down\"><\/b> <\/a>\n<ul class=\"wp-megamenu-sub-menu\" >\n\t<li id=\"wp-megamenu-item-133\" class=\"menu-item menu-item-type-post_type menu-item-object-page wp-megamenu-item-133 wpmm-submenu-right\"><a href=\"https:\/\/www.parafia.rudyszwald.pl\/index.php\/intencje\/\">Intencje<\/a><\/li>\n\t<li id=\"wp-megamenu-item-73\" class=\"menu-item menu-item-type-post_type menu-item-object-page wp-megamenu-item-73 wpmm-submenu-right\"><a href=\"https:\/\/www.parafia.rudyszwald.pl\/index.php\/porzadek-mszy-swietych-i-nabozenstw\/\">Msze i Nabo\u017ce\u0144stwa<\/a><\/li>\n\t<li id=\"wp-megamenu-item-948\" class=\"menu-item menu-item-type-post_type menu-item-object-page wp-megamenu-item-948 wpmm-submenu-right\"><a href=\"https:\/\/www.parafia.rudyszwald.pl\/index.php\/liturgia-na-dzis\/\">Liturgia<\/a><\/li>\n\t<li id=\"wp-megamenu-item-127\" class=\"menu-item menu-item-type-post_type menu-item-object-page wp-megamenu-item-127 wpmm-submenu-right\"><a href=\"https:\/\/www.parafia.rudyszwald.pl\/index.php\/patron\/\">Patron<\/a><\/li>\n\t<li id=\"wp-megamenu-item-4719\" class=\"menu-item menu-item-type-post_type menu-item-object-page wp-megamenu-item-4719 wpmm-submenu-right\"><a href=\"https:\/\/www.parafia.rudyszwald.pl\/index.php\/standardy-ochrony-maloletnich\/\">Standardy Ochrony Ma\u0142oletnich<\/a><\/li>\n\t<li id=\"wp-megamenu-item-125\" class=\"menu-item menu-item-type-post_type menu-item-object-page wp-megamenu-item-125 wpmm-submenu-right\"><a href=\"https:\/\/www.parafia.rudyszwald.pl\/index.php\/kaplani\/\">Kap\u0142ani<\/a><\/li>\n\t<li id=\"wp-megamenu-item-130\" class=\"menu-item menu-item-type-post_type menu-item-object-page menu-item-has-children wp-megamenu-item-130 wpmm-submenu-right\"><a href=\"https:\/\/www.parafia.rudyszwald.pl\/index.php\/grupy-parafialne\/\">Grupy parafialne<\/a>\n\t<ul class=\"wp-megamenu-sub-menu\" >\n\t\t<li id=\"wp-megamenu-item-3037\" class=\"menu-item menu-item-type-post_type menu-item-object-page wp-megamenu-item-3037 wpmm-submenu-right\"><a href=\"https:\/\/www.parafia.rudyszwald.pl\/index.php\/dzieci-maryi\/\">Dzieci Maryi<\/a><\/li>\n\t<\/ul>\n<\/li>\n\t<li id=\"wp-megamenu-item-659\" class=\"menu-item menu-item-type-post_type menu-item-object-page wp-megamenu-item-659 wpmm-submenu-right\"><a href=\"https:\/\/www.parafia.rudyszwald.pl\/index.php\/kapliczki\/\">Kapliczki<\/a><\/li>\n\t<li id=\"wp-megamenu-item-1092\" class=\"menu-item menu-item-type-post_type menu-item-object-page wp-megamenu-item-1092 wpmm-submenu-right\"><a href=\"https:\/\/www.parafia.rudyszwald.pl\/index.php\/historia\/\">Historia<\/a><\/li>\n\t<li id=\"wp-megamenu-item-84\" class=\"menu-item menu-item-type-post_type menu-item-object-page wp-megamenu-item-84 wpmm-submenu-right\"><a href=\"https:\/\/www.parafia.rudyszwald.pl\/index.php\/przydatne-linki\/\">Przydatne linki<\/a><\/li>\n<\/ul>\n<\/li>\n<li id=\"wp-megamenu-item-96\" class=\"menu-item menu-item-type-post_type menu-item-object-page wp-megamenu-item-96  wpmm_mega_menu  wpmm-fadeindown wpmm-strees-row-and-content wpmm-submenu-right\"><a href=\"https:\/\/www.parafia.rudyszwald.pl\/index.php\/galeria\/\">Galeria<\/a><\/li>\n<li id=\"wp-megamenu-item-1407\" class=\"menu-item menu-item-type-post_type menu-item-object-page menu-item-has-children wp-megamenu-item-1407  wpmm_dropdown_menu  wpmm-fadeindown wpmm-submenu-right\"><a href=\"https:\/\/www.parafia.rudyszwald.pl\/index.php\/sakramenty\/\">Sakramenty <b class=\"fa fa-angle-down\"><\/b> <\/a>\n<ul class=\"wp-megamenu-sub-menu\" >\n\t<li id=\"wp-megamenu-item-1408\" class=\"menu-item menu-item-type-post_type menu-item-object-page wp-megamenu-item-1408 wpmm-submenu-right\"><a href=\"https:\/\/www.parafia.rudyszwald.pl\/index.php\/chrzest-swiety\/\">Chrzest \u015awi\u0119ty<\/a><\/li>\n\t<li id=\"wp-megamenu-item-1434\" class=\"menu-item menu-item-type-post_type menu-item-object-page wp-megamenu-item-1434 wpmm-submenu-right\"><a href=\"https:\/\/www.parafia.rudyszwald.pl\/index.php\/bierzmowanie\/\">Bierzmowanie<\/a><\/li>\n\t<li id=\"wp-megamenu-item-1447\" class=\"menu-item menu-item-type-post_type menu-item-object-page wp-megamenu-item-1447 wpmm-submenu-right\"><a href=\"https:\/\/www.parafia.rudyszwald.pl\/index.php\/eucharystia-2\/\">Eucharystia<\/a><\/li>\n\t<li id=\"wp-megamenu-item-1467\" class=\"menu-item menu-item-type-post_type menu-item-object-page wp-megamenu-item-1467 wpmm-submenu-right\"><a href=\"https:\/\/www.parafia.rudyszwald.pl\/index.php\/pokuta-i-pojednanie\/\">Pokuta i pojednanie<\/a><\/li>\n\t<li id=\"wp-megamenu-item-1486\" class=\"menu-item menu-item-type-post_type menu-item-object-page wp-megamenu-item-1486 wpmm-submenu-right\"><a href=\"https:\/\/www.parafia.rudyszwald.pl\/index.php\/namaszczenie-chorych\/\">Namaszczenie chorych<\/a><\/li>\n\t<li id=\"wp-megamenu-item-1570\" class=\"menu-item menu-item-type-post_type menu-item-object-page wp-megamenu-item-1570 wpmm-submenu-right\"><a href=\"https:\/\/www.parafia.rudyszwald.pl\/index.php\/kaplanstwo-2\/\">Kap\u0142a\u0144stwo<\/a><\/li>\n\t<li id=\"wp-megamenu-item-1607\" class=\"menu-item menu-item-type-post_type menu-item-object-page wp-megamenu-item-1607 wpmm-submenu-right\"><a href=\"https:\/\/www.parafia.rudyszwald.pl\/index.php\/malzenstwo-2\/\">Ma\u0142\u017ce\u0144stwo<\/a><\/li>\n<\/ul>\n<\/li>\n<li id=\"wp-megamenu-item-74\" class=\"menu-item menu-item-type-post_type menu-item-object-page wp-megamenu-item-74  wpmm_dropdown_menu  wpmm-fadeindown wpmm-strees-default wpmm-submenu-right\"><a href=\"https:\/\/www.parafia.rudyszwald.pl\/index.php\/kancelaria-parafialna\/\">Kontakt<\/a><\/li>\n<li id=\"wp-megamenu-item-wpmm-search-icon\" class=\"wpmm-social-link wpmm-social-link-search wp-megamenu-item-wpmm-search-icon  wpmm_dropdown_menu  wpmm-fadeindown wpmm-submenu-right\">\n                    <a href='#'> <i class='fa fa-search wpmm_search_icon'><\/i><\/a> \n                <form class='wpmm-search-form' action='https:\/\/www.parafia.rudyszwald.pl\/'>\n                    <input type='text' placeholder='Search' name='s' \/>\n                <\/form>\n            \n                <\/li>\n<\/ul>\n\t\t<\/div>\n\t<\/div>\n\n\n\n\n\n\t\t<div class=\"wppsac-wrap wppsac-slick-slider-wrp wppsac-clearfix \" data-conf=\"{&quot;dots&quot;:&quot;true&quot;,&quot;arrows&quot;:&quot;true&quot;,&quot;autoplay&quot;:&quot;true&quot;,&quot;autoplay_interval&quot;:3000,&quot;speed&quot;:500,&quot;rtl&quot;:&quot;false&quot;,&quot;lazyload&quot;:&quot;&quot;}\">\r\n\t\t\t<div id=\"wppsac-post-slider-1\" class=\"wppsac-post-slider-init wppsac-post-slider design-3\">\r\n\t\t\t\t<div class=\"wppsac-post-slides\">\r\n\t<div class=\"wppsac-post-overlay\">\r\n\t\t<div class=\"wppsac-post-image-bg\">\r\n\t\t\t<a href=\"https:\/\/www.parafia.rudyszwald.pl\/index.php\/2026\/05\/01\/z-maryja-pod-opieka-aniolow\/\">\r\n\t\t\t\t\t\t\t\t<img class=\"wppsac-post-image\"  src=\"https:\/\/www.parafia.rudyszwald.pl\/wp-content\/uploads\/2026\/05\/terski-virgin-mary-7754571_640.jpg\" alt=\"Z Maryj\u0105 pod opiek\u0105 Anio\u0142\u00f3w\" \/>\r\n\t\t\t\t\t\t\t<\/a>\r\n\t\t<\/div>\r\n\r\n\t\t\t\t<div class=\"wppsac-post-categories\"><ul class=\"wppsac-post-categories-list\"><li><a href=\"https:\/\/www.parafia.rudyszwald.pl\/index.php\/category\/wszystkie-aktualnosci\/\">wszystkie aktualno\u015bci<\/a><\/li><\/ul><\/div>\r\n\t\t\r\n\t\t<div class=\"wppsac-post-short-content\">\r\n\t\t\t<div class=\"wppsac-item-meta bottom\">\r\n\t\t\t  \t<h2 class=\"wppsac-post-title\">\r\n\t\t\t\t\t<a href=\"https:\/\/www.parafia.rudyszwald.pl\/index.php\/2026\/05\/01\/z-maryja-pod-opieka-aniolow\/\">Z Maryj\u0105 pod opiek\u0105 Anio\u0142\u00f3w<\/a>\r\n\t\t\t\t<\/h2>\r\n\r\n\t\t\t\t\t\t\t\t<div class=\"wppsac-post-date\">\r\n\t\t\t\t\t \r\n\t\t\t\t\t<span>By autor<\/span>\r\n\t\t\t\t\t \/ 1 maja 2026\t\t\t\t<\/div>\r\n\t\t\t\t\t\t\t\t<div class=\"wppsac-post-content\">\r\n\t\t\t\t\t<div class=\"wppsac-sub-content\">Dzieci Maryi zapraszaj\u0105 wszystkie dzieci z naszej parafii do udzia\u0142u w corocznym konkursie majowym. W tym roku konkurs odbywa si\u0119...<\/div>\r\n\r\n\t\t\t\t\t\t\t\t\t\t<a class=\"wppsac-readmorebtn\" href=\"https:\/\/www.parafia.rudyszwald.pl\/index.php\/2026\/05\/01\/z-maryja-pod-opieka-aniolow\/\">Read More<\/a>\r\n\t\t\t\t\t\t\t\t\t<\/div>\r\n\t\t\t\t\t\t\t<\/div>\r\n\t\t<\/div>\r\n\t<\/div>\r\n<\/div><div class=\"wppsac-post-slides\">\r\n\t<div class=\"wppsac-post-overlay\">\r\n\t\t<div class=\"wppsac-post-image-bg\">\r\n\t\t\t<a href=\"https:\/\/www.parafia.rudyszwald.pl\/index.php\/2026\/04\/05\/zmartwychwstal-pan-alleluja\/\">\r\n\t\t\t\t\t\t\t\t<img class=\"wppsac-post-image\"  src=\"https:\/\/www.parafia.rudyszwald.pl\/wp-content\/uploads\/2026\/04\/image130.jpg\" alt=\"Zmartwychwsta\u0142 Pan. Alleluja!\" \/>\r\n\t\t\t\t\t\t\t<\/a>\r\n\t\t<\/div>\r\n\r\n\t\t\t\t<div class=\"wppsac-post-categories\"><ul class=\"wppsac-post-categories-list\"><li><a href=\"https:\/\/www.parafia.rudyszwald.pl\/index.php\/category\/wszystkie-aktualnosci\/\">wszystkie aktualno\u015bci<\/a><\/li><\/ul><\/div>\r\n\t\t\r\n\t\t<div class=\"wppsac-post-short-content\">\r\n\t\t\t<div class=\"wppsac-item-meta bottom\">\r\n\t\t\t  \t<h2 class=\"wppsac-post-title\">\r\n\t\t\t\t\t<a href=\"https:\/\/www.parafia.rudyszwald.pl\/index.php\/2026\/04\/05\/zmartwychwstal-pan-alleluja\/\">Zmartwychwsta\u0142 Pan. Alleluja!<\/a>\r\n\t\t\t\t<\/h2>\r\n\r\n\t\t\t\t\t\t\t\t<div class=\"wppsac-post-date\">\r\n\t\t\t\t\t \r\n\t\t\t\t\t<span>By autor<\/span>\r\n\t\t\t\t\t \/ 5 kwietnia 2026\t\t\t\t<\/div>\r\n\t\t\t\t\t\t\t\t<div class=\"wppsac-post-content\">\r\n\t\t\t\t\t<div class=\"wppsac-sub-content\">Jezus Chrystus zmartwychwsta\u0142. Prawdziwie z grobu powsta\u0142. Alleluja! Niech ofiara, kt\u00f3r\u0105 Syn Bo\u017cy z\u0142o\u017cy\u0142 za nas na krzy\u017cu, a kt\u00f3ra...<\/div>\r\n\r\n\t\t\t\t\t\t\t\t\t\t<a class=\"wppsac-readmorebtn\" href=\"https:\/\/www.parafia.rudyszwald.pl\/index.php\/2026\/04\/05\/zmartwychwstal-pan-alleluja\/\">Read More<\/a>\r\n\t\t\t\t\t\t\t\t\t<\/div>\r\n\t\t\t\t\t\t\t<\/div>\r\n\t\t<\/div>\r\n\t<\/div>\r\n<\/div><div class=\"wppsac-post-slides\">\r\n\t<div class=\"wppsac-post-overlay\">\r\n\t\t<div class=\"wppsac-post-image-bg\">\r\n\t\t\t<a href=\"https:\/\/www.parafia.rudyszwald.pl\/index.php\/2026\/03\/22\/kiermasz-niedziela-palmowa\/\">\r\n\t\t\t\t\t\t\t\t<img class=\"wppsac-post-image\"  src=\"https:\/\/www.parafia.rudyszwald.pl\/wp-content\/uploads\/2026\/03\/widespace-heart-8390212_640.jpg\" alt=\"Kiermasz &#8211; Niedziela Palmowa\" \/>\r\n\t\t\t\t\t\t\t<\/a>\r\n\t\t<\/div>\r\n\r\n\t\t\t\t<div class=\"wppsac-post-categories\"><ul class=\"wppsac-post-categories-list\"><li><a href=\"https:\/\/www.parafia.rudyszwald.pl\/index.php\/category\/wszystkie-aktualnosci\/\">wszystkie aktualno\u015bci<\/a><\/li><\/ul><\/div>\r\n\t\t\r\n\t\t<div class=\"wppsac-post-short-content\">\r\n\t\t\t<div class=\"wppsac-item-meta bottom\">\r\n\t\t\t  \t<h2 class=\"wppsac-post-title\">\r\n\t\t\t\t\t<a href=\"https:\/\/www.parafia.rudyszwald.pl\/index.php\/2026\/03\/22\/kiermasz-niedziela-palmowa\/\">Kiermasz &#8211; Niedziela Palmowa<\/a>\r\n\t\t\t\t<\/h2>\r\n\r\n\t\t\t\t\t\t\t\t<div class=\"wppsac-post-date\">\r\n\t\t\t\t\t \r\n\t\t\t\t\t<span>By autor<\/span>\r\n\t\t\t\t\t \/ 22 marca 2026\t\t\t\t<\/div>\r\n\t\t\t\t\t\t\t\t<div class=\"wppsac-post-content\">\r\n\t\t\t\t\t<div class=\"wppsac-sub-content\">strona g\u0142\u00f3wna<\/div>\r\n\r\n\t\t\t\t\t\t\t\t\t\t<a class=\"wppsac-readmorebtn\" href=\"https:\/\/www.parafia.rudyszwald.pl\/index.php\/2026\/03\/22\/kiermasz-niedziela-palmowa\/\">Read More<\/a>\r\n\t\t\t\t\t\t\t\t\t<\/div>\r\n\t\t\t\t\t\t\t<\/div>\r\n\t\t<\/div>\r\n\t<\/div>\r\n<\/div>\t\t\t<\/div>\r\n\t\t<\/div>\r\n\t\n\n\n\n<div class=\"is-layout-flex wp-container-3 wp-block-columns\">\n<div class=\"is-layout-flow wp-block-column\" style=\"flex-basis:42%\">\n<div style=\"height:4px\" aria-hidden=\"true\" class=\"wp-block-spacer\"><\/div>\n\n\n\n<p><strong>Dzieci Maryi &#8211; ostatnie wpisy<\/strong><\/p>\n\n\n<ul style=\"font-style:normal;font-weight:400;\" class=\"wp-block-latest-posts__list alignleft wp-block-latest-posts\"><li><a class=\"wp-block-latest-posts__post-title\" href=\"https:\/\/www.parafia.rudyszwald.pl\/index.php\/2023\/10\/30\/rozstrzygniecie-konkursu-moj-rozaniec\/\">Rozstrzygni\u0119cie konkursu M\u00f3j R\u00f3\u017caniec<\/a><\/li>\n<li><a class=\"wp-block-latest-posts__post-title\" href=\"https:\/\/www.parafia.rudyszwald.pl\/index.php\/2023\/03\/16\/informator-wspolnoty-dzieci-maryi\/\">Informator wsp\u00f3lnoty Dzieci Maryi<\/a><\/li>\n<li><a class=\"wp-block-latest-posts__post-title\" href=\"https:\/\/www.parafia.rudyszwald.pl\/index.php\/2023\/02\/18\/wspomnienie-nmp-z-lourdes\/\">Wspomnienie NMP z Lourdes<\/a><\/li>\n<\/ul>\n\n\n<div style=\"height:30px\" aria-hidden=\"true\" class=\"wp-block-spacer\"><\/div>\n\n\n\n<figure class=\"wp-block-video\"><video autoplay loop muted preload=\"none\" src=\"https:\/\/www.parafia.rudyszwald.pl\/wp-content\/uploads\/2023\/11\/intro-3.mp4\"><\/video><\/figure>\n\n\n\n<div style=\"height:2px\" aria-hidden=\"true\" class=\"wp-block-spacer\"><\/div>\n<\/div>\n\n\n\n<div class=\"is-layout-flow wp-block-column\">\n<div style=\"height:3px\" aria-hidden=\"true\" class=\"wp-block-spacer\"><\/div>\n\n\n\n<link rel=\"stylesheet\" type=\"text\/css\" href=\"https:\/\/www.edycja.pl\/ext\/dzien.css\" media=\"all\"><script type=\"text\/javascript\" src=\"https:\/\/www.edycja.pl\/ext\/ssl-dzien_iso.js.php\"> <\/script>\n\n\n\n<div style=\"height:8px\" aria-hidden=\"true\" class=\"wp-block-spacer\"><\/div>\n\n\n\n<p><strong>S\u0142uchaj online<\/strong><\/p>\n\n\n\n<figure class=\"wp-block-image is-resized\"><a href=\"http:\/\/doxa.fm\/\"><img decoding=\"async\" loading=\"lazy\" src=\"https:\/\/www.parafia.rudyszwald.pl\/wp-content\/uploads\/2020\/02\/logodoxa.png\" alt=\"\" class=\"wp-image-2026\" width=\"108\" height=\"37\"\/><\/figure>\n<\/div>\n<\/div>\n\n\n\n<hr class=\"wp-block-separator aligncenter has-alpha-channel-opacity is-style-wide\"\/>\n\n\n\n<div style=\"height:3px\" aria-hidden=\"true\" class=\"wp-block-spacer\"><\/div>\n\n\n<div id=\"wp-megamenu-main_menu_2\" class=\"wp-megamenu-wrap    \">\n\t\t<div class=\"wpmm-fullwidth-wrap\"><\/div>\n\t\t<div class=\"wpmm-nav-wrap wpmm-main-wrap-\">\n\t\t\t<a href=\"javascript:;\" class=\"wpmm_mobile_menu_btn\"><i class=\"fa fa-bars\"><\/i> SZUKAJ<\/a>  <ul id=\"menu-main_menu_2\"  class=\"wp-megamenu\"><li id=\"wp-megamenu-item-1053\" class=\"menu-item menu-item-type-post_type menu-item-object-page menu-item-privacy-policy wp-megamenu-item-1053  wpmm_dropdown_menu  wpmm-fadeindown wpmm-submenu-right\"><a href=\"https:\/\/www.parafia.rudyszwald.pl\/index.php\/privacy-policy\/\">PRYWATNO\u015a\u0106<\/a><\/li>\n<li id=\"wp-megamenu-item-1052\" class=\"menu-item menu-item-type-post_type menu-item-object-page wp-megamenu-item-1052  wpmm_dropdown_menu  wpmm-fadeindown wpmm-submenu-right\"><a href=\"https:\/\/www.parafia.rudyszwald.pl\/index.php\/kancelaria-parafialna\/\">KONTAKT<\/a><\/li>\n<li id=\"wp-megamenu-item-1050\" class=\"menu-item menu-item-type-post_type menu-item-object-page wp-megamenu-item-1050  wpmm_dropdown_menu  wpmm-fadeindown wpmm-submenu-right\"><a href=\"https:\/\/www.parafia.rudyszwald.pl\/index.php\/intencje\/\">INTENCJE<\/a><\/li>\n<li id=\"wp-megamenu-item-1051\" class=\"menu-item menu-item-type-post_type menu-item-object-page wp-megamenu-item-1051  wpmm_dropdown_menu  wpmm-fadeindown wpmm-submenu-right\"><a href=\"https:\/\/www.parafia.rudyszwald.pl\/index.php\/porzadek-mszy-swietych-i-nabozenstw\/\">NABO\u017bE\u0143STWA<\/a><\/li>\n<li id=\"wp-megamenu-item-1049\" class=\"menu-item menu-item-type-post_type menu-item-object-page wp-megamenu-item-1049  wpmm_dropdown_menu  wpmm-fadeindown wpmm-submenu-right\"><a href=\"https:\/\/www.parafia.rudyszwald.pl\/index.php\/liturgia-na-dzis\/\">LITURGIA<\/a><\/li>\n<li class=\"wpmm-social-link wpmm-social-link-search wp-megamenu-item-wpmm-search-icon  wpmm_dropdown_menu  wpmm-fadeindown wpmm-submenu-right\">\n                    <a href='#'> <i class='fa fa-search wpmm_search_icon'><\/i><\/a> \n                <form class='wpmm-search-form' action='https:\/\/www.parafia.rudyszwald.pl\/'>\n                    <input type='text' placeholder='Search' name='s' \/>\n                <\/form>\n            \n                <\/li>\n<\/ul>\n\t\t<\/div>\n\t<\/div>\n\n\n\n<div style=\"height:20px\" aria-hidden=\"true\" class=\"wp-block-spacer\"><\/div>\n","protected":false},"excerpt":{"rendered":"<p>Dzieci Maryi &#8211; ostatnie wpisy S\u0142uchaj online<\/p>\n","protected":false},"author":1,"featured_media":0,"parent":0,"menu_order":0,"comment_status":"closed","ping_status":"open","template":"","meta":{"_exactmetrics_skip_tracking":false,"_exactmetrics_sitenote_active":false,"_exactmetrics_sitenote_note":"","_exactmetrics_sitenote_category":0,"ngg_post_thumbnail":0},"yoast_head":"<!-- This site is optimized with the Yoast SEO plugin v19.11 - https:\/\/yoast.com\/wordpress\/plugins\/seo\/ -->\n<title>Witamy na stronie Parafii - Parafia Tr\u00f3jcy \u015awi\u0119tej w Rudyszwa\u0142dzie<\/title>\n<meta name=\"description\" content=\"Witamy na stronie parafii Tr\u00f3jcy \u015awi\u0119tej w Rudyszwa\u0142dzie\" \/>\n<meta name=\"robots\" content=\"index, follow, max-snippet:-1, max-image-preview:large, max-video-preview:-1\" \/>\n<link rel=\"canonical\" href=\"https:\/\/www.parafia.rudyszwald.pl\/\" \/>\n<meta property=\"og:locale\" content=\"pl_PL\" \/>\n<meta property=\"og:type\" content=\"article\" \/>\n<meta property=\"og:title\" content=\"Witamy na stronie Parafii - Parafia Tr\u00f3jcy \u015awi\u0119tej w Rudyszwa\u0142dzie\" \/>\n<meta property=\"og:description\" content=\"Witamy na stronie parafii Tr\u00f3jcy \u015awi\u0119tej w Rudyszwa\u0142dzie\" \/>\n<meta property=\"og:url\" content=\"https:\/\/www.parafia.rudyszwald.pl\/\" \/>\n<meta property=\"og:site_name\" content=\"Parafia Tr\u00f3jcy \u015awi\u0119tej w Rudyszwa\u0142dzie\" \/>\n<meta property=\"article:modified_time\" content=\"2024-02-02T14:49:42+00:00\" \/>\n<meta property=\"og:image\" content=\"https:\/\/www.parafia.rudyszwald.pl\/wp-content\/uploads\/2020\/02\/logodoxa.png\" \/>\n<meta name=\"twitter:card\" content=\"summary_large_image\" \/>\n<meta name=\"twitter:label1\" content=\"Szacowany czas czytania\" \/>\n\t<meta name=\"twitter:data1\" content=\"1 minuta\" \/>\n<script type=\"application\/ld+json\" class=\"yoast-schema-graph\">{\"@context\":\"https:\/\/schema.org\",\"@graph\":[{\"@type\":\"WebPage\",\"@id\":\"https:\/\/www.parafia.rudyszwald.pl\/\",\"url\":\"https:\/\/www.parafia.rudyszwald.pl\/\",\"name\":\"Witamy na stronie Parafii - Parafia Tr\u00f3jcy \u015awi\u0119tej w Rudyszwa\u0142dzie\",\"isPartOf\":{\"@id\":\"https:\/\/www.parafia.rudyszwald.pl\/#website\"},\"datePublished\":\"2019-03-08T18:02:28+00:00\",\"dateModified\":\"2024-02-02T14:49:42+00:00\",\"description\":\"Witamy na stronie parafii Tr\u00f3jcy \u015awi\u0119tej w Rudyszwa\u0142dzie\",\"breadcrumb\":{\"@id\":\"https:\/\/www.parafia.rudyszwald.pl\/#breadcrumb\"},\"inLanguage\":\"pl-PL\",\"potentialAction\":[{\"@type\":\"ReadAction\",\"target\":[\"https:\/\/www.parafia.rudyszwald.pl\/\"]}]},{\"@type\":\"BreadcrumbList\",\"@id\":\"https:\/\/www.parafia.rudyszwald.pl\/#breadcrumb\",\"itemListElement\":[{\"@type\":\"ListItem\",\"position\":1,\"name\":\"Strona g\u0142\u00f3wna\",\"item\":\"https:\/\/www.parafia.rudyszwald.pl\/\"},{\"@type\":\"ListItem\",\"position\":2,\"name\":\"Witamy na stronie Parafii\"}]},{\"@type\":\"WebSite\",\"@id\":\"https:\/\/www.parafia.rudyszwald.pl\/#website\",\"url\":\"https:\/\/www.parafia.rudyszwald.pl\/\",\"name\":\"Parafia Tr\u00f3jcy \u015awi\u0119tej w Rudyszwa\u0142dzie\",\"description\":\"Parafia Rudyszwa\u0142d\",\"publisher\":{\"@id\":\"https:\/\/www.parafia.rudyszwald.pl\/#organization\"},\"potentialAction\":[{\"@type\":\"SearchAction\",\"target\":{\"@type\":\"EntryPoint\",\"urlTemplate\":\"https:\/\/www.parafia.rudyszwald.pl\/?s={search_term_string}\"},\"query-input\":\"required name=search_term_string\"}],\"inLanguage\":\"pl-PL\"},{\"@type\":\"Organization\",\"@id\":\"https:\/\/www.parafia.rudyszwald.pl\/#organization\",\"name\":\"Parafia Tr\u00f3jcy \u015awi\u0119tej w Rudyszwa\u0142dzie\",\"url\":\"https:\/\/www.parafia.rudyszwald.pl\/\",\"logo\":{\"@type\":\"ImageObject\",\"inLanguage\":\"pl-PL\",\"@id\":\"https:\/\/www.parafia.rudyszwald.pl\/#\/schema\/logo\/image\/\",\"url\":\"https:\/\/www.parafia.rudyszwald.pl\/wp-content\/uploads\/2019\/07\/IMG_1_DxO-copy-\u2014-kopia2-\u2014-kopia-2.jpg\",\"contentUrl\":\"https:\/\/www.parafia.rudyszwald.pl\/wp-content\/uploads\/2019\/07\/IMG_1_DxO-copy-\u2014-kopia2-\u2014-kopia-2.jpg\",\"width\":464,\"height\":711,\"caption\":\"Parafia Tr\u00f3jcy \u015awi\u0119tej w Rudyszwa\u0142dzie\"},\"image\":{\"@id\":\"https:\/\/www.parafia.rudyszwald.pl\/#\/schema\/logo\/image\/\"}}]}<\/script>\n<!-- \/ Yoast SEO plugin. -->","yoast_head_json":{"title":"Witamy na stronie Parafii - Parafia Tr\u00f3jcy \u015awi\u0119tej w Rudyszwa\u0142dzie","description":"Witamy na stronie parafii Tr\u00f3jcy \u015awi\u0119tej w Rudyszwa\u0142dzie","robots":{"index":"index","follow":"follow","max-snippet":"max-snippet:-1","max-image-preview":"max-image-preview:large","max-video-preview":"max-video-preview:-1"},"canonical":"https:\/\/www.parafia.rudyszwald.pl\/","og_locale":"pl_PL","og_type":"article","og_title":"Witamy na stronie Parafii - Parafia Tr\u00f3jcy \u015awi\u0119tej w Rudyszwa\u0142dzie","og_description":"Witamy na stronie parafii Tr\u00f3jcy \u015awi\u0119tej w Rudyszwa\u0142dzie","og_url":"https:\/\/www.parafia.rudyszwald.pl\/","og_site_name":"Parafia Tr\u00f3jcy \u015awi\u0119tej w Rudyszwa\u0142dzie","article_modified_time":"2024-02-02T14:49:42+00:00","og_image":[{"url":"https:\/\/www.parafia.rudyszwald.pl\/wp-content\/uploads\/2020\/02\/logodoxa.png"}],"twitter_card":"summary_large_image","twitter_misc":{"Szacowany czas czytania":"1 minuta"},"schema":{"@context":"https:\/\/schema.org","@graph":[{"@type":"WebPage","@id":"https:\/\/www.parafia.rudyszwald.pl\/","url":"https:\/\/www.parafia.rudyszwald.pl\/","name":"Witamy na stronie Parafii - Parafia Tr\u00f3jcy \u015awi\u0119tej w Rudyszwa\u0142dzie","isPartOf":{"@id":"https:\/\/www.parafia.rudyszwald.pl\/#website"},"datePublished":"2019-03-08T18:02:28+00:00","dateModified":"2024-02-02T14:49:42+00:00","description":"Witamy na stronie parafii Tr\u00f3jcy \u015awi\u0119tej w Rudyszwa\u0142dzie","breadcrumb":{"@id":"https:\/\/www.parafia.rudyszwald.pl\/#breadcrumb"},"inLanguage":"pl-PL","potentialAction":[{"@type":"ReadAction","target":["https:\/\/www.parafia.rudyszwald.pl\/"]}]},{"@type":"BreadcrumbList","@id":"https:\/\/www.parafia.rudyszwald.pl\/#breadcrumb","itemListElement":[{"@type":"ListItem","position":1,"name":"Strona g\u0142\u00f3wna","item":"https:\/\/www.parafia.rudyszwald.pl\/"},{"@type":"ListItem","position":2,"name":"Witamy na stronie Parafii"}]},{"@type":"WebSite","@id":"https:\/\/www.parafia.rudyszwald.pl\/#website","url":"https:\/\/www.parafia.rudyszwald.pl\/","name":"Parafia Tr\u00f3jcy \u015awi\u0119tej w Rudyszwa\u0142dzie","description":"Parafia Rudyszwa\u0142d","publisher":{"@id":"https:\/\/www.parafia.rudyszwald.pl\/#organization"},"potentialAction":[{"@type":"SearchAction","target":{"@type":"EntryPoint","urlTemplate":"https:\/\/www.parafia.rudyszwald.pl\/?s={search_term_string}"},"query-input":"required name=search_term_string"}],"inLanguage":"pl-PL"},{"@type":"Organization","@id":"https:\/\/www.parafia.rudyszwald.pl\/#organization","name":"Parafia Tr\u00f3jcy \u015awi\u0119tej w Rudyszwa\u0142dzie","url":"https:\/\/www.parafia.rudyszwald.pl\/","logo":{"@type":"ImageObject","inLanguage":"pl-PL","@id":"https:\/\/www.parafia.rudyszwald.pl\/#\/schema\/logo\/image\/","url":"https:\/\/www.parafia.rudyszwald.pl\/wp-content\/uploads\/2019\/07\/IMG_1_DxO-copy-\u2014-kopia2-\u2014-kopia-2.jpg","contentUrl":"https:\/\/www.parafia.rudyszwald.pl\/wp-content\/uploads\/2019\/07\/IMG_1_DxO-copy-\u2014-kopia2-\u2014-kopia-2.jpg","width":464,"height":711,"caption":"Parafia Tr\u00f3jcy \u015awi\u0119tej w Rudyszwa\u0142dzie"},"image":{"@id":"https:\/\/www.parafia.rudyszwald.pl\/#\/schema\/logo\/image\/"}}]}},"_links":{"self":[{"href":"https:\/\/www.parafia.rudyszwald.pl\/index.php\/wp-json\/wp\/v2\/pages\/2"}],"collection":[{"href":"https:\/\/www.parafia.rudyszwald.pl\/index.php\/wp-json\/wp\/v2\/pages"}],"about":[{"href":"https:\/\/www.parafia.rudyszwald.pl\/index.php\/wp-json\/wp\/v2\/types\/page"}],"author":[{"embeddable":true,"href":"https:\/\/www.parafia.rudyszwald.pl\/index.php\/wp-json\/wp\/v2\/users\/1"}],"replies":[{"embeddable":true,"href":"https:\/\/www.parafia.rudyszwald.pl\/index.php\/wp-json\/wp\/v2\/comments?post=2"}],"version-history":[{"count":271,"href":"https:\/\/www.parafia.rudyszwald.pl\/index.php\/wp-json\/wp\/v2\/pages\/2\/revisions"}],"predecessor-version":[{"id":4512,"href":"https:\/\/www.parafia.rudyszwald.pl\/index.php\/wp-json\/wp\/v2\/pages\/2\/revisions\/4512"}],"wp:attachment":[{"href":"https:\/\/www.parafia.rudyszwald.pl\/index.php\/wp-json\/wp\/v2\/media?parent=2"}],"curies":[{"name":"wp","href":"https:\/\/api.w.org\/{rel}","templated":true}]}}